{"id":14587,"date":"2021-01-08T00:02:54","date_gmt":"2021-01-08T03:02:54","guid":{"rendered":"http:\/\/tainacan.ccae.ufpb.br\/?page_id=14587"},"modified":"2022-11-25T09:33:16","modified_gmt":"2022-11-25T12:33:16","slug":"maquinario","status":"publish","type":"page","link":"https:\/\/texteisfabris.ccae.ufpb.br\/index.php\/maquinario\/","title":{"rendered":"Maquin\u00e1rio"},"content":{"rendered":"\t\t<div data-elementor-type=\"wp-page\" data-elementor-id=\"14587\" class=\"elementor elementor-14587\">\n\t\t\t\t\t\t<section class=\"elementor-section elementor-top-section elementor-element elementor-element-1b0042ff elementor-section-boxed elementor-section-height-default elementor-section-height-default\" data-id=\"1b0042ff\" data-element_type=\"section\">\n\t\t\t\t\t\t<div class=\"elementor-container elementor-column-gap-default\">\n\t\t\t\t\t<div class=\"elementor-column elementor-col-100 elementor-top-column elementor-element elementor-element-46e77962\" data-id=\"46e77962\" data-element_type=\"column\">\n\t\t\t<div class=\"elementor-widget-wrap elementor-element-populated\">\n\t\t\t\t\t\t<div class=\"elementor-element elementor-element-f77920e elementor-widget elementor-widget-text-editor\" data-id=\"f77920e\" data-element_type=\"widget\" data-widget_type=\"text-editor.default\">\n\t\t\t\t<div class=\"elementor-widget-container\">\n\t\t\t<style>\/*! elementor - v3.21.0 - 20-05-2024 *\/\n.elementor-widget-text-editor.elementor-drop-cap-view-stacked .elementor-drop-cap{background-color:#69727d;color:#fff}.elementor-widget-text-editor.elementor-drop-cap-view-framed .elementor-drop-cap{color:#69727d;border:3px solid;background-color:transparent}.elementor-widget-text-editor:not(.elementor-drop-cap-view-default) .elementor-drop-cap{margin-top:8px}.elementor-widget-text-editor:not(.elementor-drop-cap-view-default) .elementor-drop-cap-letter{width:1em;height:1em}.elementor-widget-text-editor .elementor-drop-cap{float:left;text-align:center;line-height:1;font-size:50px}.elementor-widget-text-editor .elementor-drop-cap-letter{display:inline-block}<\/style>\t\t\t\t<p class=\"MsoNormal\" style=\"margin-bottom: 0cm; line-height: normal;\"><span style=\"font-family: Montserrat; mso-bidi-font-family: Calibri; mso-bidi-theme-font: minor-latin;\">&nbsp; &nbsp; &nbsp; &nbsp; &nbsp; A bibliografia consultada inclui a cidade f\u00e1brica de Rio Tinto como caso t\u00edpico de cidade industrial moderna cuja instala\u00e7\u00e3o da f\u00e1brica e\u0301 relacionada ao contexto de transposi\u00e7\u00e3o de tecnologia industrial brit\u00e2nica que havia se tornado obsoleta e pouco lucrativa no espa\u00e7o europeu. Em conson\u00e2ncia a este contexto, o maquin\u00e1rio identificado nas instala\u00e7\u00f5es da CTRT \u00e9 constitu\u00eddo por marcas europeias como Sulzer, <\/span><span style=\"font-family: Montserrat; background-image: initial; background-position: initial; background-size: initial; background-repeat: initial; background-attachment: initial; background-origin: initial; background-clip: initial;\">Hausa, Leesona, Trutzschlbr e Wayne. <\/span><span style=\"font-family: Montserrat; mso-bidi-font-family: Calibri; mso-bidi-theme-font: minor-latin;\">O entre guerras fez crescer no Brasil uma pol\u00edtica de substitui\u00e7\u00e3o das importa\u00e7\u00f5es, dando origem, por exemplo, a\u0300 Industria de M\u00e1quinas T\u00eaxteis Ribeiro S.A., criada na d\u00e9cada de 1920, cujos maquin\u00e1rios tamb\u00e9m integraram o parque t\u00eaxtil da CTRT. \u00c9 poss\u00edvel identificar nas imagens desta cole\u00e7\u00e3o, diferentes marcas de m\u00e1quinas com diferentes tipos e fun\u00e7\u00f5es como o beneficiamento do algod\u00e3o, a produ\u00e7\u00e3o do fio, o tingimento do pr\u00f3prio fio, sendo o fio tinto uma peculiaridade desta f\u00e1brica, passando pela cria\u00e7\u00e3o do <i>rapport<\/i>, dos padr\u00f5es e, finalmente, a confec\u00e7\u00e3o do tecido plano.<\/span><\/p>\t\t\t\t\t\t<\/div>\n\t\t\t\t<\/div>\n\t\t\t\t\t<\/div>\n\t\t<\/div>\n\t\t\t\t\t<\/div>\n\t\t<\/section>\n\t\t\t\t<section class=\"elementor-section elementor-top-section elementor-element elementor-element-616f4ee elementor-section-boxed elementor-section-height-default elementor-section-height-default\" data-id=\"616f4ee\" data-element_type=\"section\">\n\t\t\t\t\t\t<div class=\"elementor-container elementor-column-gap-default\">\n\t\t\t\t\t<div class=\"elementor-column elementor-col-25 elementor-top-column elementor-element elementor-element-78d4474\" data-id=\"78d4474\" data-element_type=\"column\">\n\t\t\t<div class=\"elementor-widget-wrap elementor-element-populated\">\n\t\t\t\t\t\t<div class=\"elementor-element elementor-element-6dae1a6 elementor-widget elementor-widget-image\" data-id=\"6dae1a6\" data-element_type=\"widget\" data-widget_type=\"image.default\">\n\t\t\t\t<div class=\"elementor-widget-container\">\n\t\t\t<style>\/*! elementor - v3.21.0 - 20-05-2024 *\/\n.elementor-widget-image{text-align:center}.elementor-widget-image a{display:inline-block}.elementor-widget-image a img[src$=\".svg\"]{width:48px}.elementor-widget-image img{vertical-align:middle;display:inline-block}<\/style>\t\t\t\t\t\t\t<figure class=\"wp-caption\">\n\t\t\t\t\t\t\t\t\t\t\t<a href=\"http:\/\/texteisfabris.ccae.ufpb.br\/index.php\/colecoes\/sulzer\/\">\n\t\t\t\t\t\t\t<img fetchpriority=\"high\" decoding=\"async\" width=\"1024\" height=\"1024\" src=\"https:\/\/texteisfabris.ccae.ufpb.br\/wp-content\/uploads\/2021\/07\/m-7.jpg\" class=\"elementor-animation-grow attachment-large size-large wp-image-16380\" alt=\"\" \/>\t\t\t\t\t\t\t\t<\/a>\n\t\t\t\t\t\t\t\t\t\t\t<figcaption class=\"widget-image-caption wp-caption-text\">Sulzer<\/figcaption>\n\t\t\t\t\t\t\t\t\t\t<\/figure>\n\t\t\t\t\t\t\t<\/div>\n\t\t\t\t<\/div>\n\t\t\t\t\t<\/div>\n\t\t<\/div>\n\t\t\t\t<div class=\"elementor-column elementor-col-25 elementor-top-column elementor-element elementor-element-cc0983a\" data-id=\"cc0983a\" data-element_type=\"column\">\n\t\t\t<div class=\"elementor-widget-wrap elementor-element-populated\">\n\t\t\t\t\t\t<div class=\"elementor-element elementor-element-685f9eb elementor-widget elementor-widget-image\" data-id=\"685f9eb\" data-element_type=\"widget\" data-widget_type=\"image.default\">\n\t\t\t\t<div class=\"elementor-widget-container\">\n\t\t\t\t\t\t\t\t\t\t<figure class=\"wp-caption\">\n\t\t\t\t\t\t\t\t\t\t\t<a href=\"http:\/\/texteisfabris.ccae.ufpb.br\/index.php\/colecoes\/hausa\/\">\n\t\t\t\t\t\t\t<img decoding=\"async\" width=\"1024\" height=\"1024\" src=\"https:\/\/texteisfabris.ccae.ufpb.br\/wp-content\/uploads\/2021\/07\/m-8.jpg\" class=\"elementor-animation-grow attachment-large size-large wp-image-16382\" alt=\"\" \/>\t\t\t\t\t\t\t\t<\/a>\n\t\t\t\t\t\t\t\t\t\t\t<figcaption class=\"widget-image-caption wp-caption-text\">Hausa<\/figcaption>\n\t\t\t\t\t\t\t\t\t\t<\/figure>\n\t\t\t\t\t\t\t<\/div>\n\t\t\t\t<\/div>\n\t\t\t\t\t<\/div>\n\t\t<\/div>\n\t\t\t\t<div class=\"elementor-column elementor-col-25 elementor-top-column elementor-element elementor-element-045a836\" data-id=\"045a836\" data-element_type=\"column\">\n\t\t\t<div class=\"elementor-widget-wrap elementor-element-populated\">\n\t\t\t\t\t\t<div class=\"elementor-element elementor-element-3dce927 elementor-widget elementor-widget-image\" data-id=\"3dce927\" data-element_type=\"widget\" data-widget_type=\"image.default\">\n\t\t\t\t<div class=\"elementor-widget-container\">\n\t\t\t\t\t\t\t\t\t\t<figure class=\"wp-caption\">\n\t\t\t\t\t\t\t\t\t\t\t<a href=\"http:\/\/texteisfabris.ccae.ufpb.br\/index.php\/colecoes\/trutzschlbr\/\">\n\t\t\t\t\t\t\t<img decoding=\"async\" width=\"1024\" height=\"1024\" src=\"https:\/\/texteisfabris.ccae.ufpb.br\/wp-content\/uploads\/2021\/07\/m-9.jpg\" class=\"elementor-animation-grow attachment-large size-large wp-image-16383\" alt=\"\" \/>\t\t\t\t\t\t\t\t<\/a>\n\t\t\t\t\t\t\t\t\t\t\t<figcaption class=\"widget-image-caption wp-caption-text\">Trutzschlbr <\/figcaption>\n\t\t\t\t\t\t\t\t\t\t<\/figure>\n\t\t\t\t\t\t\t<\/div>\n\t\t\t\t<\/div>\n\t\t\t\t\t<\/div>\n\t\t<\/div>\n\t\t\t\t<div class=\"elementor-column elementor-col-25 elementor-top-column elementor-element elementor-element-5bd3572\" data-id=\"5bd3572\" data-element_type=\"column\">\n\t\t\t<div class=\"elementor-widget-wrap elementor-element-populated\">\n\t\t\t\t\t\t<div class=\"elementor-element elementor-element-442d6a2 elementor-widget elementor-widget-image\" data-id=\"442d6a2\" data-element_type=\"widget\" data-widget_type=\"image.default\">\n\t\t\t\t<div class=\"elementor-widget-container\">\n\t\t\t\t\t\t\t\t\t\t<figure class=\"wp-caption\">\n\t\t\t\t\t\t\t\t\t\t\t<a href=\"http:\/\/texteisfabris.ccae.ufpb.br\/index.php\/colecoes\/wayne\/\">\n\t\t\t\t\t\t\t<img loading=\"lazy\" decoding=\"async\" width=\"1024\" height=\"1024\" src=\"https:\/\/texteisfabris.ccae.ufpb.br\/wp-content\/uploads\/2021\/07\/m-10.jpg\" class=\"elementor-animation-grow attachment-large size-large wp-image-16384\" alt=\"\" \/>\t\t\t\t\t\t\t\t<\/a>\n\t\t\t\t\t\t\t\t\t\t\t<figcaption class=\"widget-image-caption wp-caption-text\">Wayne<\/figcaption>\n\t\t\t\t\t\t\t\t\t\t<\/figure>\n\t\t\t\t\t\t\t<\/div>\n\t\t\t\t<\/div>\n\t\t\t\t\t<\/div>\n\t\t<\/div>\n\t\t\t\t\t<\/div>\n\t\t<\/section>\n\t\t\t\t<section class=\"elementor-section elementor-top-section elementor-element elementor-element-ced45d6 elementor-section-boxed elementor-section-height-default elementor-section-height-default\" data-id=\"ced45d6\" data-element_type=\"section\">\n\t\t\t\t\t\t<div class=\"elementor-container elementor-column-gap-default\">\n\t\t\t\t\t<div class=\"elementor-column elementor-col-25 elementor-top-column elementor-element elementor-element-e4f46cd\" data-id=\"e4f46cd\" data-element_type=\"column\">\n\t\t\t<div class=\"elementor-widget-wrap elementor-element-populated\">\n\t\t\t\t\t\t<div class=\"elementor-element elementor-element-2fe4143 elementor-widget elementor-widget-image\" data-id=\"2fe4143\" data-element_type=\"widget\" data-widget_type=\"image.default\">\n\t\t\t\t<div class=\"elementor-widget-container\">\n\t\t\t\t\t\t\t\t\t\t<figure class=\"wp-caption\">\n\t\t\t\t\t\t\t\t\t\t\t<a href=\"http:\/\/texteisfabris.ccae.ufpb.br\/index.php\/colecoes\/ribeiro\/\">\n\t\t\t\t\t\t\t<img loading=\"lazy\" decoding=\"async\" width=\"1024\" height=\"1024\" src=\"https:\/\/texteisfabris.ccae.ufpb.br\/wp-content\/uploads\/2021\/07\/m-11.jpg\" class=\"elementor-animation-grow attachment-large size-large wp-image-16385\" alt=\"\" \/>\t\t\t\t\t\t\t\t<\/a>\n\t\t\t\t\t\t\t\t\t\t\t<figcaption class=\"widget-image-caption wp-caption-text\">Ribeiro<\/figcaption>\n\t\t\t\t\t\t\t\t\t\t<\/figure>\n\t\t\t\t\t\t\t<\/div>\n\t\t\t\t<\/div>\n\t\t\t\t\t<\/div>\n\t\t<\/div>\n\t\t\t\t<div class=\"elementor-column elementor-col-25 elementor-top-column elementor-element elementor-element-40c708d\" data-id=\"40c708d\" data-element_type=\"column\">\n\t\t\t<div class=\"elementor-widget-wrap elementor-element-populated\">\n\t\t\t\t\t\t<div class=\"elementor-element elementor-element-d686334 elementor-widget elementor-widget-image\" data-id=\"d686334\" data-element_type=\"widget\" data-widget_type=\"image.default\">\n\t\t\t\t<div class=\"elementor-widget-container\">\n\t\t\t\t\t\t\t\t\t\t<figure class=\"wp-caption\">\n\t\t\t\t\t\t\t\t\t\t\t<a href=\"http:\/\/texteisfabris.ccae.ufpb.br\/index.php\/colecoes\/leesona\/\">\n\t\t\t\t\t\t\t<img loading=\"lazy\" decoding=\"async\" width=\"1024\" height=\"1024\" src=\"https:\/\/texteisfabris.ccae.ufpb.br\/wp-content\/uploads\/2021\/07\/m-12.jpg\" class=\"elementor-animation-grow attachment-large size-large wp-image-16386\" alt=\"\" \/>\t\t\t\t\t\t\t\t<\/a>\n\t\t\t\t\t\t\t\t\t\t\t<figcaption class=\"widget-image-caption wp-caption-text\">Leesona<\/figcaption>\n\t\t\t\t\t\t\t\t\t\t<\/figure>\n\t\t\t\t\t\t\t<\/div>\n\t\t\t\t<\/div>\n\t\t\t\t\t<\/div>\n\t\t<\/div>\n\t\t\t\t<div class=\"elementor-column elementor-col-25 elementor-top-column elementor-element elementor-element-6ecea59\" data-id=\"6ecea59\" data-element_type=\"column\">\n\t\t\t<div class=\"elementor-widget-wrap elementor-element-populated\">\n\t\t\t\t\t\t<div class=\"elementor-element elementor-element-9d2896c elementor-widget elementor-widget-image\" data-id=\"9d2896c\" data-element_type=\"widget\" data-widget_type=\"image.default\">\n\t\t\t\t<div class=\"elementor-widget-container\">\n\t\t\t\t\t\t\t\t\t\t<figure class=\"wp-caption\">\n\t\t\t\t\t\t\t\t\t\t\t<a href=\"http:\/\/texteisfabris.ccae.ufpb.br\/index.php\/colecoes\/obermaier-do-brasil-s-a\/\">\n\t\t\t\t\t\t\t<img loading=\"lazy\" decoding=\"async\" width=\"1024\" height=\"1024\" src=\"https:\/\/texteisfabris.ccae.ufpb.br\/wp-content\/uploads\/2021\/07\/m-13.jpg\" class=\"elementor-animation-grow attachment-large size-large wp-image-16387\" alt=\"\" \/>\t\t\t\t\t\t\t\t<\/a>\n\t\t\t\t\t\t\t\t\t\t\t<figcaption class=\"widget-image-caption wp-caption-text\">Obermaier do Brasil S-A<\/figcaption>\n\t\t\t\t\t\t\t\t\t\t<\/figure>\n\t\t\t\t\t\t\t<\/div>\n\t\t\t\t<\/div>\n\t\t\t\t\t<\/div>\n\t\t<\/div>\n\t\t\t\t<div class=\"elementor-column elementor-col-25 elementor-top-column elementor-element elementor-element-5e0c06e\" data-id=\"5e0c06e\" data-element_type=\"column\">\n\t\t\t<div class=\"elementor-widget-wrap elementor-element-populated\">\n\t\t\t\t\t\t<div class=\"elementor-element elementor-element-fd8f9b6 elementor-widget elementor-widget-image\" data-id=\"fd8f9b6\" data-element_type=\"widget\" data-widget_type=\"image.default\">\n\t\t\t\t<div class=\"elementor-widget-container\">\n\t\t\t\t\t\t\t\t\t\t<figure class=\"wp-caption\">\n\t\t\t\t\t\t\t\t\t\t\t<a href=\"http:\/\/texteisfabris.ccae.ufpb.br\/index.php\/colecoes\/nao-identificados\/\">\n\t\t\t\t\t\t\t<img loading=\"lazy\" decoding=\"async\" width=\"1024\" height=\"1024\" src=\"https:\/\/texteisfabris.ccae.ufpb.br\/wp-content\/uploads\/2021\/07\/m-14.jpg\" class=\"elementor-animation-grow attachment-large size-large wp-image-16388\" alt=\"\" \/>\t\t\t\t\t\t\t\t<\/a>\n\t\t\t\t\t\t\t\t\t\t\t<figcaption class=\"widget-image-caption wp-caption-text\">N\u00e3o identificados<\/figcaption>\n\t\t\t\t\t\t\t\t\t\t<\/figure>\n\t\t\t\t\t\t\t<\/div>\n\t\t\t\t<\/div>\n\t\t\t\t\t<\/div>\n\t\t<\/div>\n\t\t\t\t\t<\/div>\n\t\t<\/section>\n\t\t\t\t<\/div>\n\t\t","protected":false},"excerpt":{"rendered":"<p>&nbsp; &nbsp; &nbsp; &nbsp; &nbsp; A bibliografia consultada inclui a cidade f\u00e1brica de Rio Tinto como caso t\u00edpico de cidade industrial moderna cuja instala\u00e7\u00e3o da f\u00e1brica e\u0301 relacionada ao contexto de transposi\u00e7\u00e3o de tecnologia industrial brit\u00e2nica que havia se tornado obsoleta e pouco lucrativa no espa\u00e7o europeu. Em conson\u00e2ncia a este contexto, o maquin\u00e1rio identificado [&hellip;]<\/p>\n","protected":false},"author":1,"featured_media":0,"parent":0,"menu_order":0,"comment_status":"closed","ping_status":"closed","template":"","meta":{"om_disable_all_campaigns":false,"_monsterinsights_skip_tracking":false,"_monsterinsights_sitenote_active":false,"_monsterinsights_sitenote_note":"","_monsterinsights_sitenote_category":0,"footnotes":""},"class_list":["post-14587","page","type-page","status-publish","hentry"],"aioseo_notices":[],"_links":{"self":[{"href":"https:\/\/texteisfabris.ccae.ufpb.br\/index.php\/wp-json\/wp\/v2\/pages\/14587","targetHints":{"allow":["GET"]}}],"collection":[{"href":"https:\/\/texteisfabris.ccae.ufpb.br\/index.php\/wp-json\/wp\/v2\/pages"}],"about":[{"href":"https:\/\/texteisfabris.ccae.ufpb.br\/index.php\/wp-json\/wp\/v2\/types\/page"}],"author":[{"embeddable":true,"href":"https:\/\/texteisfabris.ccae.ufpb.br\/index.php\/wp-json\/wp\/v2\/users\/1"}],"replies":[{"embeddable":true,"href":"https:\/\/texteisfabris.ccae.ufpb.br\/index.php\/wp-json\/wp\/v2\/comments?post=14587"}],"version-history":[{"count":48,"href":"https:\/\/texteisfabris.ccae.ufpb.br\/index.php\/wp-json\/wp\/v2\/pages\/14587\/revisions"}],"predecessor-version":[{"id":16547,"href":"https:\/\/texteisfabris.ccae.ufpb.br\/index.php\/wp-json\/wp\/v2\/pages\/14587\/revisions\/16547"}],"wp:attachment":[{"href":"https:\/\/texteisfabris.ccae.ufpb.br\/index.php\/wp-json\/wp\/v2\/media?parent=14587"}],"curies":[{"name":"wp","href":"https:\/\/api.w.org\/{rel}","templated":true}]}}