{"id":14690,"date":"2021-01-08T13:50:00","date_gmt":"2021-01-08T16:50:00","guid":{"rendered":"http:\/\/tainacan.ccae.ufpb.br\/?page_id=14690"},"modified":"2022-04-14T15:11:45","modified_gmt":"2022-04-14T18:11:45","slug":"acervo-texteis-fabris","status":"publish","type":"page","link":"https:\/\/texteisfabris.ccae.ufpb.br\/index.php\/acervo-texteis-fabris\/","title":{"rendered":"Acervo"},"content":{"rendered":"\t\t<div data-elementor-type=\"wp-page\" data-elementor-id=\"14690\" class=\"elementor elementor-14690\">\n\t\t\t\t\t\t<section class=\"elementor-section elementor-top-section elementor-element elementor-element-2fd7033 elementor-section-content-middle elementor-section-boxed elementor-section-height-default elementor-section-height-default\" data-id=\"2fd7033\" data-element_type=\"section\">\n\t\t\t\t\t\t<div class=\"elementor-container elementor-column-gap-custom\">\n\t\t\t\t\t<div class=\"elementor-column elementor-col-33 elementor-top-column elementor-element elementor-element-7f30e3a\" data-id=\"7f30e3a\" data-element_type=\"column\">\n\t\t\t<div class=\"elementor-widget-wrap elementor-element-populated\">\n\t\t\t\t\t\t<div class=\"elementor-element elementor-element-56c9c88 elementor-widget elementor-widget-image\" data-id=\"56c9c88\" data-element_type=\"widget\" data-widget_type=\"image.default\">\n\t\t\t\t<div class=\"elementor-widget-container\">\n\t\t\t<style>\/*! elementor - v3.21.0 - 20-05-2024 *\/\n.elementor-widget-image{text-align:center}.elementor-widget-image a{display:inline-block}.elementor-widget-image a img[src$=\".svg\"]{width:48px}.elementor-widget-image img{vertical-align:middle;display:inline-block}<\/style>\t\t\t\t\t\t\t<figure class=\"wp-caption\">\n\t\t\t\t\t\t\t\t\t\t\t<a href=\"http:\/\/texteisfabris.ccae.ufpb.br\/index.php\/amostras-texteis\/\">\n\t\t\t\t\t\t\t<img fetchpriority=\"high\" decoding=\"async\" width=\"709\" height=\"709\" src=\"https:\/\/texteisfabris.ccae.ufpb.br\/wp-content\/uploads\/2021\/07\/classes-06-06.png\" class=\"attachment-medium_large size-medium_large wp-image-16168\" alt=\"\" \/>\t\t\t\t\t\t\t\t<\/a>\n\t\t\t\t\t\t\t\t\t\t\t<figcaption class=\"widget-image-caption wp-caption-text\"><strong> Amostras t\u00eaxteis <\/strong><\/figcaption>\n\t\t\t\t\t\t\t\t\t\t<\/figure>\n\t\t\t\t\t\t\t<\/div>\n\t\t\t\t<\/div>\n\t\t\t\t\t<\/div>\n\t\t<\/div>\n\t\t\t\t<div class=\"elementor-column elementor-col-33 elementor-top-column elementor-element elementor-element-2ef93af\" data-id=\"2ef93af\" data-element_type=\"column\">\n\t\t\t<div class=\"elementor-widget-wrap elementor-element-populated\">\n\t\t\t\t\t\t<div class=\"elementor-element elementor-element-e9ea570 elementor-widget elementor-widget-image\" data-id=\"e9ea570\" data-element_type=\"widget\" data-widget_type=\"image.default\">\n\t\t\t\t<div class=\"elementor-widget-container\">\n\t\t\t\t\t\t\t\t\t\t<figure class=\"wp-caption\">\n\t\t\t\t\t\t\t\t\t\t\t<a href=\"http:\/\/texteisfabris.ccae.ufpb.br\/index.php\/maquinario\/\">\n\t\t\t\t\t\t\t<img decoding=\"async\" width=\"709\" height=\"709\" src=\"https:\/\/texteisfabris.ccae.ufpb.br\/wp-content\/uploads\/2021\/07\/classes-06-07.png\" class=\"attachment-medium_large size-medium_large wp-image-16169\" alt=\"\" \/>\t\t\t\t\t\t\t\t<\/a>\n\t\t\t\t\t\t\t\t\t\t\t<figcaption class=\"widget-image-caption wp-caption-text\"><strong> Maquin\u00e1rios <\/strong><\/figcaption>\n\t\t\t\t\t\t\t\t\t\t<\/figure>\n\t\t\t\t\t\t\t<\/div>\n\t\t\t\t<\/div>\n\t\t\t\t\t<\/div>\n\t\t<\/div>\n\t\t\t\t<div class=\"elementor-column elementor-col-33 elementor-top-column elementor-element elementor-element-383956d\" data-id=\"383956d\" data-element_type=\"column\">\n\t\t\t<div class=\"elementor-widget-wrap elementor-element-populated\">\n\t\t\t\t\t\t<div class=\"elementor-element elementor-element-9273925 elementor-widget elementor-widget-image\" data-id=\"9273925\" data-element_type=\"widget\" data-widget_type=\"image.default\">\n\t\t\t\t<div class=\"elementor-widget-container\">\n\t\t\t\t\t\t\t\t\t\t<figure class=\"wp-caption\">\n\t\t\t\t\t\t\t\t\t\t\t<a href=\"http:\/\/texteisfabris.ccae.ufpb.br\/index.php\/rio-tinto-cidade-fabrica\/\">\n\t\t\t\t\t\t\t<img decoding=\"async\" width=\"709\" height=\"709\" src=\"https:\/\/texteisfabris.ccae.ufpb.br\/wp-content\/uploads\/2021\/07\/classes-06-08.png\" class=\"attachment-medium_large size-medium_large wp-image-16170\" alt=\"\" \/>\t\t\t\t\t\t\t\t<\/a>\n\t\t\t\t\t\t\t\t\t\t\t<figcaption class=\"widget-image-caption wp-caption-text\"><strong> Cidade F\u00e1brica Rio Tinto <\/strong><\/figcaption>\n\t\t\t\t\t\t\t\t\t\t<\/figure>\n\t\t\t\t\t\t\t<\/div>\n\t\t\t\t<\/div>\n\t\t\t\t\t<\/div>\n\t\t<\/div>\n\t\t\t\t\t<\/div>\n\t\t<\/section>\n\t\t\t\t<\/div>\n\t\t","protected":false},"excerpt":{"rendered":"<p>Amostras t\u00eaxteis Maquin\u00e1rios Cidade F\u00e1brica Rio Tinto<\/p>\n","protected":false},"author":1,"featured_media":0,"parent":0,"menu_order":0,"comment_status":"closed","ping_status":"closed","template":"","meta":{"om_disable_all_campaigns":false,"_monsterinsights_skip_tracking":false,"_monsterinsights_sitenote_active":false,"_monsterinsights_sitenote_note":"","_monsterinsights_sitenote_category":0,"footnotes":""},"class_list":["post-14690","page","type-page","status-publish","hentry"],"aioseo_notices":[],"_links":{"self":[{"href":"https:\/\/texteisfabris.ccae.ufpb.br\/index.php\/wp-json\/wp\/v2\/pages\/14690","targetHints":{"allow":["GET"]}}],"collection":[{"href":"https:\/\/texteisfabris.ccae.ufpb.br\/index.php\/wp-json\/wp\/v2\/pages"}],"about":[{"href":"https:\/\/texteisfabris.ccae.ufpb.br\/index.php\/wp-json\/wp\/v2\/types\/page"}],"author":[{"embeddable":true,"href":"https:\/\/texteisfabris.ccae.ufpb.br\/index.php\/wp-json\/wp\/v2\/users\/1"}],"replies":[{"embeddable":true,"href":"https:\/\/texteisfabris.ccae.ufpb.br\/index.php\/wp-json\/wp\/v2\/comments?post=14690"}],"version-history":[{"count":53,"href":"https:\/\/texteisfabris.ccae.ufpb.br\/index.php\/wp-json\/wp\/v2\/pages\/14690\/revisions"}],"predecessor-version":[{"id":16482,"href":"https:\/\/texteisfabris.ccae.ufpb.br\/index.php\/wp-json\/wp\/v2\/pages\/14690\/revisions\/16482"}],"wp:attachment":[{"href":"https:\/\/texteisfabris.ccae.ufpb.br\/index.php\/wp-json\/wp\/v2\/media?parent=14690"}],"curies":[{"name":"wp","href":"https:\/\/api.w.org\/{rel}","templated":true}]}}