{"id":15331,"date":"2021-01-21T15:50:23","date_gmt":"2021-01-21T18:50:23","guid":{"rendered":"http:\/\/tainacan.ccae.ufpb.br\/?page_id=15331"},"modified":"2021-07-28T18:29:14","modified_gmt":"2021-07-28T21:29:14","slug":"tecido-jacquard","status":"publish","type":"page","link":"https:\/\/texteisfabris.ccae.ufpb.br\/index.php\/tecido-jacquard\/","title":{"rendered":"Tecidos Jacquard"},"content":{"rendered":"<p dir=\"ltr\" style=\"line-height: 1.38; text-indent: 36pt; text-align: justify; margin-top: 0pt; margin-bottom: 0pt;\">Tipo de tear inventado pelo franc\u00eas Joseph-Marie Jacquard, que utiliza um sistema de cart\u00f5es perfurados que atuam sobre cada fio de urdidura, a fim de selecionar o levantamento dos fios que devem criar os motivos decorativos do tecido. Com as amostradas dispon\u00edveis, dois tecidos e suas varia\u00e7\u00f5es foram catalogados como tecidos do tipo Jacquard, Flor de Lis 709 e Flor de Lis 711.<\/p>\n\n\n<div class=\"wp-block-tainacan-collections-list\"><ul style=\"grid-template-columns:repeat(auto-fill, 220px)\" class=\"collections-list  collections-layout-grid\"><li class=\"collection-list-item\" style=\"margin-bottom:12px\"><button type=\"button\" class=\"components-button has-icon\" aria-label=\"Remover\"><span class=\"dashicon dashicons dashicons-no-alt\"><\/span><\/button><a id=\"collection-id-5958\" href=\"http:\/\/texteisfabris.ccae.ufpb.br\/index.php\/tecido-plano\/\" target=\"_blank\" class=\" \" rel=\"noopener\"><img decoding=\"async\" src=\"http:\/\/texteisfabris.ccae.ufpb.br\/wp-content\/uploads\/2020\/06\/18-CTRT-Companhia-de-Tecidos-Rio-Tinto-F\u00e1brica-Lundgren-Para\u00edba-Plano-Constru\u00e7\u00e3o-Tela-Jacquard-Flor-de-Lis-709-Conjunto.jpg\" alt=\"Tecido plano Jacquard Flor de Lis 709\"\/><span>Tecido plano Jacquard Flor de Lis 709<\/span><\/a><\/li><li class=\"collection-list-item\" style=\"margin-bottom:12px\"><button type=\"button\" class=\"components-button has-icon\" aria-label=\"Remover\"><span class=\"dashicon dashicons dashicons-no-alt\"><\/span><\/button><a id=\"collection-id-6214\" href=\"http:\/\/texteisfabris.ccae.ufpb.br\/index.php\/tecido-plano-jacquard-flor-de-lis-711\/\" target=\"_blank\" class=\" \" rel=\"noopener\"><img decoding=\"async\" src=\"http:\/\/texteisfabris.ccae.ufpb.br\/wp-content\/uploads\/2020\/06\/39-CTRT-Companhia-de-Tecidos-Rio-Tinto-F\u00e1brica-Lundgren-Para\u00edba-Plano-Constru\u00e7\u00e3o-Tela-Jacquard-Flor-de-Lis-711.jpg\" alt=\"Tecido plano Jacquard Flor de Lis 711\"\/><span>Tecido plano Jacquard Flor de Lis 711<\/span><\/a><\/li><\/ul><\/div>\n","protected":false},"excerpt":{"rendered":"<p>Tipo de tear inventado pelo franc\u00eas Joseph-Marie Jacquard, que utiliza um sistema de cart\u00f5es perfurados que atuam sobre cada fio de urdidura, a fim de selecionar o levantamento dos fios que devem criar os motivos decorativos do tecido. Com as amostradas dispon\u00edveis, dois tecidos e suas varia\u00e7\u00f5es foram catalogados como tecidos do tipo Jacquard, Flor [&hellip;]<\/p>\n","protected":false},"author":1,"featured_media":0,"parent":0,"menu_order":0,"comment_status":"closed","ping_status":"closed","template":"","meta":{"om_disable_all_campaigns":false,"_monsterinsights_skip_tracking":false,"_monsterinsights_sitenote_active":false,"_monsterinsights_sitenote_note":"","_monsterinsights_sitenote_category":0,"footnotes":""},"class_list":["post-15331","page","type-page","status-publish","hentry"],"aioseo_notices":[],"_links":{"self":[{"href":"https:\/\/texteisfabris.ccae.ufpb.br\/index.php\/wp-json\/wp\/v2\/pages\/15331","targetHints":{"allow":["GET"]}}],"collection":[{"href":"https:\/\/texteisfabris.ccae.ufpb.br\/index.php\/wp-json\/wp\/v2\/pages"}],"about":[{"href":"https:\/\/texteisfabris.ccae.ufpb.br\/index.php\/wp-json\/wp\/v2\/types\/page"}],"author":[{"embeddable":true,"href":"https:\/\/texteisfabris.ccae.ufpb.br\/index.php\/wp-json\/wp\/v2\/users\/1"}],"replies":[{"embeddable":true,"href":"https:\/\/texteisfabris.ccae.ufpb.br\/index.php\/wp-json\/wp\/v2\/comments?post=15331"}],"version-history":[{"count":15,"href":"https:\/\/texteisfabris.ccae.ufpb.br\/index.php\/wp-json\/wp\/v2\/pages\/15331\/revisions"}],"predecessor-version":[{"id":16351,"href":"https:\/\/texteisfabris.ccae.ufpb.br\/index.php\/wp-json\/wp\/v2\/pages\/15331\/revisions\/16351"}],"wp:attachment":[{"href":"https:\/\/texteisfabris.ccae.ufpb.br\/index.php\/wp-json\/wp\/v2\/media?parent=15331"}],"curies":[{"name":"wp","href":"https:\/\/api.w.org\/{rel}","templated":true}]}}