{"id":15332,"date":"2021-01-21T15:50:05","date_gmt":"2021-01-21T18:50:05","guid":{"rendered":"http:\/\/tainacan.ccae.ufpb.br\/?page_id=15332"},"modified":"2021-07-22T03:16:01","modified_gmt":"2021-07-22T06:16:01","slug":"tecidos-maquinetados","status":"publish","type":"page","link":"https:\/\/texteisfabris.ccae.ufpb.br\/index.php\/tecidos-maquinetados\/","title":{"rendered":"Tecidos maquinetados"},"content":{"rendered":"<p>\u00a0<\/p>\n<p dir=\"ltr\" style=\"line-height: 1.38; text-align: justify; margin-top: 0pt; margin-bottom: 0pt;\">\u00a0<\/p>\n<p dir=\"ltr\" style=\"line-height: 1.38; text-align: justify; margin-top: 0pt; margin-bottom: 0pt;\">Para o registro dessa cole\u00e7\u00e3o foi utilizada a c\u00e2mera digital DSLR Nikon D90 com lente objetiva Nikon DX 18-105 no dia 11 de maio de 2017. S\u00e3o 17 fotografias em alta resolu\u00e7\u00e3o que apresentam capa, contra-capa, amostras com aux\u00edlio de lupa conta-fio e amostras sem o dispositivo. O tecido apresenta constru\u00e7\u00e3o tipo tela (1 fio de trama por 1 fio de urdume), composi\u00e7\u00e3o 100% algod\u00e3o, 4 varia\u00e7\u00f5es de cor, largura de 0,90 cent\u00edmetros e 42 fios por cent\u00edmetro quadrado.\u00a0<\/p>\n\n\n<div class=\"wp-block-tainacan-collections-list\"><ul style=\"grid-template-columns:repeat(auto-fill, 220px)\" class=\"collections-list  collections-layout-grid\"><li class=\"collection-list-item\" style=\"margin-bottom:12px\"><button type=\"button\" class=\"components-button has-icon\" aria-label=\"Remover\"><span class=\"dashicon dashicons dashicons-no-alt\"><\/span><\/button><a id=\"collection-id-5650\" href=\"http:\/\/texteisfabris.ccae.ufpb.br\/index.php\/tecido-plano-maquinetado\/\" target=\"_blank\" class=\" \" rel=\"noopener\"><img decoding=\"async\" src=\"http:\/\/texteisfabris.ccae.ufpb.br\/wp-content\/uploads\/2020\/06\/26-ctrt-companhia-de-tecidos-rio-tinto-fbrica-grupo-lundgren-paraba-maquinetado-plano-construo-tela-sa.jpg\" alt=\"Tecido Plano Maquinetado - Listrado\"\/><span>Tecido Plano Maquinetado &#8211; Listrado<\/span><\/a><\/li><li class=\"collection-list-item\" style=\"margin-bottom:12px\"><button type=\"button\" class=\"components-button has-icon\" aria-label=\"Remover\"><span class=\"dashicon dashicons dashicons-no-alt\"><\/span><\/button><a id=\"collection-id-3951\" href=\"http:\/\/texteisfabris.ccae.ufpb.br\/index.php\/orion\/\" target=\"_blank\" class=\" \" rel=\"noopener\"><img decoding=\"async\" src=\"http:\/\/texteisfabris.ccae.ufpb.br\/wp-content\/uploads\/2020\/06\/13-CTRT-Companhia-de-Tecidos-Rio-Tinto-F\u00e1brica-Grupo-Lundgren-Para\u00edba-Orion-Maquinetado-Plano-Constru\u00e7\u00e3o-Tela-Sarja-Detalhe.jpg\" alt=\"Tecido Plano Maquinetado - Orion\"\/><span>Tecido Plano Maquinetado &#8211; Orion<\/span><\/a><\/li><li class=\"collection-list-item\" style=\"margin-bottom:12px\"><button type=\"button\" class=\"components-button has-icon\" aria-label=\"Remover\"><span class=\"dashicon dashicons dashicons-no-alt\"><\/span><\/button><a id=\"collection-id-4094\" href=\"http:\/\/texteisfabris.ccae.ufpb.br\/index.php\/piquet\/\" target=\"_blank\" class=\" \" rel=\"noopener\"><img decoding=\"async\" src=\"http:\/\/texteisfabris.ccae.ufpb.br\/wp-content\/uploads\/2020\/06\/08-CTRT-Companhia-de-Tecidos-Rio-Tinto-F\u00e1brica-Grupo-Lundgren-Para\u00edba-Piquet-Maquinetado-Plano-Constru\u00e7\u00e3o-Tela-Sarja-Amarelo.jpg\" alt=\"Tecido Plano Maquinetado - Piquet\"\/><span>Tecido Plano Maquinetado &#8211; Piquet<\/span><\/a><\/li><\/ul><\/div>\n","protected":false},"excerpt":{"rendered":"<p>\u00a0 \u00a0 Para o registro dessa cole\u00e7\u00e3o foi utilizada a c\u00e2mera digital DSLR Nikon D90 com lente objetiva Nikon DX 18-105 no dia 11 de maio de 2017. S\u00e3o 17 fotografias em alta resolu\u00e7\u00e3o que apresentam capa, contra-capa, amostras com aux\u00edlio de lupa conta-fio e amostras sem o dispositivo. O tecido apresenta constru\u00e7\u00e3o tipo tela [&hellip;]<\/p>\n","protected":false},"author":1,"featured_media":0,"parent":0,"menu_order":0,"comment_status":"closed","ping_status":"closed","template":"","meta":{"om_disable_all_campaigns":false,"_monsterinsights_skip_tracking":false,"_monsterinsights_sitenote_active":false,"_monsterinsights_sitenote_note":"","_monsterinsights_sitenote_category":0,"footnotes":""},"class_list":["post-15332","page","type-page","status-publish","hentry"],"aioseo_notices":[],"_links":{"self":[{"href":"https:\/\/texteisfabris.ccae.ufpb.br\/index.php\/wp-json\/wp\/v2\/pages\/15332","targetHints":{"allow":["GET"]}}],"collection":[{"href":"https:\/\/texteisfabris.ccae.ufpb.br\/index.php\/wp-json\/wp\/v2\/pages"}],"about":[{"href":"https:\/\/texteisfabris.ccae.ufpb.br\/index.php\/wp-json\/wp\/v2\/types\/page"}],"author":[{"embeddable":true,"href":"https:\/\/texteisfabris.ccae.ufpb.br\/index.php\/wp-json\/wp\/v2\/users\/1"}],"replies":[{"embeddable":true,"href":"https:\/\/texteisfabris.ccae.ufpb.br\/index.php\/wp-json\/wp\/v2\/comments?post=15332"}],"version-history":[{"count":12,"href":"https:\/\/texteisfabris.ccae.ufpb.br\/index.php\/wp-json\/wp\/v2\/pages\/15332\/revisions"}],"predecessor-version":[{"id":16312,"href":"https:\/\/texteisfabris.ccae.ufpb.br\/index.php\/wp-json\/wp\/v2\/pages\/15332\/revisions\/16312"}],"wp:attachment":[{"href":"https:\/\/texteisfabris.ccae.ufpb.br\/index.php\/wp-json\/wp\/v2\/media?parent=15332"}],"curies":[{"name":"wp","href":"https:\/\/api.w.org\/{rel}","templated":true}]}}