{"id":15383,"date":"2021-01-21T16:23:25","date_gmt":"2021-01-21T19:23:25","guid":{"rendered":"http:\/\/tainacan.ccae.ufpb.br\/?page_id=15383"},"modified":"2022-11-25T09:29:37","modified_gmt":"2022-11-25T12:29:37","slug":"amostras-texteis","status":"publish","type":"page","link":"https:\/\/texteisfabris.ccae.ufpb.br\/index.php\/amostras-texteis\/","title":{"rendered":"Amostras t\u00eaxteis"},"content":{"rendered":"\t\t<div data-elementor-type=\"wp-page\" data-elementor-id=\"15383\" class=\"elementor elementor-15383\">\n\t\t\t\t\t\t<section class=\"elementor-section elementor-top-section elementor-element elementor-element-7a6bf2d elementor-section-boxed elementor-section-height-default elementor-section-height-default\" data-id=\"7a6bf2d\" data-element_type=\"section\">\n\t\t\t\t\t\t<div class=\"elementor-container elementor-column-gap-default\">\n\t\t\t\t\t<div class=\"elementor-column elementor-col-100 elementor-top-column elementor-element elementor-element-205339a\" data-id=\"205339a\" data-element_type=\"column\">\n\t\t\t<div class=\"elementor-widget-wrap elementor-element-populated\">\n\t\t\t\t\t\t<div class=\"elementor-element elementor-element-bc8fbfc elementor-widget elementor-widget-text-editor\" data-id=\"bc8fbfc\" data-element_type=\"widget\" data-widget_type=\"text-editor.default\">\n\t\t\t\t<div class=\"elementor-widget-container\">\n\t\t\t<style>\/*! elementor - v3.21.0 - 20-05-2024 *\/\n.elementor-widget-text-editor.elementor-drop-cap-view-stacked .elementor-drop-cap{background-color:#69727d;color:#fff}.elementor-widget-text-editor.elementor-drop-cap-view-framed .elementor-drop-cap{color:#69727d;border:3px solid;background-color:transparent}.elementor-widget-text-editor:not(.elementor-drop-cap-view-default) .elementor-drop-cap{margin-top:8px}.elementor-widget-text-editor:not(.elementor-drop-cap-view-default) .elementor-drop-cap-letter{width:1em;height:1em}.elementor-widget-text-editor .elementor-drop-cap{float:left;text-align:center;line-height:1;font-size:50px}.elementor-widget-text-editor .elementor-drop-cap-letter{display:inline-block}<\/style>\t\t\t\t<p dir=\"ltr\" style=\"line-height: 1.7999999999999998; text-indent: 36pt; margin-top: 0pt; margin-bottom: 0pt;\"><span style=\"font-size: 12pt; font-family: Montserrat,sans-serif; color: #000000; background-color: transparent; font-weight: 400; font-style: normal; font-variant: normal; text-decoration: none; vertical-align: baseline; white-space: pre-wrap;\">O eixo tem\u00e1tico do acervo que trata das amostras t\u00eaxteis associadas a Companhia de Tecido Rio Tinto \u00e9 apresentado em 13 cole\u00e7\u00f5es, dentro das quais constam uma heterogeneidade de conte\u00fado. S\u00e3o evidenciados diferentes tecidos em rela\u00e7\u00e3o ao seu processo de tecelagem, classifica\u00e7\u00e3o estrutural, ornamenta\u00e7\u00e3o final e beneficiamento como pode ser observado na cole\u00e7\u00e3o que trata em detalhe do cat\u00e1logo \u201cRio Tinto &#8211; Tecidos Sanfonizados: Cat\u00e1logo Geral\u201d que evidencia pequenas amostras dos tecidos oferecidos pela f\u00e1brica com a tecnologia de reten\u00e7\u00e3o do encolhimento. A partir dessa prerrogativa de variedade as cole\u00e7\u00f5es s\u00e3o ramificadas em 195 subcole\u00e7\u00f5es que apresentam os tipos de tecido em 386 registros fotogr\u00e1ficos.<\/span><\/p><p dir=\"ltr\" style=\"line-height: 1.7999999999999998; text-indent: 36pt; margin-top: 0pt; margin-bottom: 0pt;\"><span style=\"font-size: 12pt; font-family: Montserrat,sans-serif; color: #000000; background-color: transparent; font-weight: 400; font-style: normal; font-variant: normal; text-decoration: none; vertical-align: baseline; white-space: pre-wrap;\"><br><\/span><\/p>\n<p dir=\"ltr\" style=\"line-height: 1.7999999999999998; text-indent: 36pt; margin-top: 0pt; margin-bottom: 0pt;\"><span style=\"background-color: transparent; font-size: 12pt; white-space: pre-wrap; text-indent: 36pt;\">Em sua maioria as fotografias das amostras foram realizadas por alunos estagi\u00e1rios\/bolsistas do Laborat\u00f3rio de Fotografia do Departamento de Design \u2013 ClickLab da UFPB, no per\u00edodo letivo 2016.2,&nbsp; com aux\u00edlio das alunas volunt\u00e1rias do projeto \u201cDesign na F\u00e1brica da Companhia de Tecido Rio Tinto\u201d vig\u00eancia 2016\/2017 e sob coordena\u00e7\u00e3o do professor Leandro Lopes Pereira.&nbsp; As c\u00e2meras profissionais modelo DSLR Nikon D90, com lente objetiva Nikon DX 18-105 e Canon Rebel T3, com lente Canon EFS 18-55 foram os equipamentos de registro utilizados. Outros registros fotogr\u00e1ficos foram realizados pela equipe do projeto com uso de c\u00e2mera digital do iPhone 7.&nbsp;<\/span><\/p><p dir=\"ltr\" style=\"line-height: 1.7999999999999998; text-indent: 36pt; margin-top: 0pt; margin-bottom: 0pt;\"><span style=\"background-color: transparent; font-size: 12pt; white-space: pre-wrap; text-indent: 36pt;\"><br><\/span><\/p>\n<p dir=\"ltr\" style=\"line-height: 1.7999999999999998; text-indent: 36pt; margin-top: 0pt; margin-bottom: 0pt;\"><span style=\"background-color: transparent; font-size: 12pt; white-space: pre-wrap; text-indent: 36pt;\">Inicialmente, para a classifica\u00e7\u00e3o e categoriza\u00e7\u00e3o das amostras, foram contados os fios por cent\u00edmetro quadrado, atividade minuciosa que&nbsp; utilizou como ferramentas um conta fio e uma agulha posicionados aproximadamente ao centro de cada tecido. Estes dados se associaram aos demais encontrados nos registros de identifica\u00e7\u00e3o dos cat\u00e1logos cedidos&nbsp; para an\u00e1lise e formaram uma primeira classifica\u00e7\u00e3o com nomes das amostras e a quantidade de fios identificada. Em um segundo momento foram catalogados os tipos de tecidos e bases de amarra\u00e7\u00e3o para a constru\u00e7\u00e3o da trama t\u00eaxtil. Com todos os dados precedidos foi poss\u00edvel fazer uma curadoria dentro desse banco de dados para constru\u00e7\u00e3o do acervo aqui apresentado, saindo de 1871 dados brutos para 386 registros fotogr\u00e1ficos devidamente identificados, categorizados e organizados.<\/span><\/p>\t\t\t\t\t\t<\/div>\n\t\t\t\t<\/div>\n\t\t\t\t\t<\/div>\n\t\t<\/div>\n\t\t\t\t\t<\/div>\n\t\t<\/section>\n\t\t\t\t<section class=\"elementor-section elementor-top-section elementor-element elementor-element-7038989 elementor-section-boxed elementor-section-height-default elementor-section-height-default\" data-id=\"7038989\" data-element_type=\"section\">\n\t\t\t\t\t\t<div class=\"elementor-container elementor-column-gap-default\">\n\t\t\t\t\t<div class=\"elementor-column elementor-col-25 elementor-top-column elementor-element elementor-element-3a14ef0\" data-id=\"3a14ef0\" data-element_type=\"column\">\n\t\t\t<div class=\"elementor-widget-wrap elementor-element-populated\">\n\t\t\t\t\t\t<div class=\"elementor-element elementor-element-b8b05c9 elementor-widget elementor-widget-image\" data-id=\"b8b05c9\" data-element_type=\"widget\" data-widget_type=\"image.default\">\n\t\t\t\t<div class=\"elementor-widget-container\">\n\t\t\t<style>\/*! elementor - v3.21.0 - 20-05-2024 *\/\n.elementor-widget-image{text-align:center}.elementor-widget-image a{display:inline-block}.elementor-widget-image a img[src$=\".svg\"]{width:48px}.elementor-widget-image img{vertical-align:middle;display:inline-block}<\/style>\t\t\t\t\t\t\t<figure class=\"wp-caption\">\n\t\t\t\t\t\t\t\t\t\t\t<a href=\"http:\/\/texteisfabris.ccae.ufpb.br\/index.php\/tecidos-planos-sem-nome\/\">\n\t\t\t\t\t\t\t<img fetchpriority=\"high\" decoding=\"async\" width=\"1024\" height=\"1024\" src=\"https:\/\/texteisfabris.ccae.ufpb.br\/wp-content\/uploads\/2021\/01\/sem-nome.jpg\" class=\"elementor-animation-grow attachment-large size-large wp-image-15451\" alt=\"\" \/>\t\t\t\t\t\t\t\t<\/a>\n\t\t\t\t\t\t\t\t\t\t\t<figcaption class=\"widget-image-caption wp-caption-text\"><strong> Tecidos Sem Nome <\/strong><\/figcaption>\n\t\t\t\t\t\t\t\t\t\t<\/figure>\n\t\t\t\t\t\t\t<\/div>\n\t\t\t\t<\/div>\n\t\t\t\t\t<\/div>\n\t\t<\/div>\n\t\t\t\t<div class=\"elementor-column elementor-col-25 elementor-top-column elementor-element elementor-element-4149221\" data-id=\"4149221\" data-element_type=\"column\">\n\t\t\t<div class=\"elementor-widget-wrap elementor-element-populated\">\n\t\t\t\t\t\t<div class=\"elementor-element elementor-element-f32746b elementor-widget elementor-widget-image\" data-id=\"f32746b\" data-element_type=\"widget\" data-widget_type=\"image.default\">\n\t\t\t\t<div class=\"elementor-widget-container\">\n\t\t\t\t\t\t\t\t\t\t<figure class=\"wp-caption\">\n\t\t\t\t\t\t\t\t\t\t\t<a href=\"http:\/\/texteisfabris.ccae.ufpb.br\/index.php\/tecidos-planos-popeline\/\">\n\t\t\t\t\t\t\t<img decoding=\"async\" width=\"1024\" height=\"1024\" src=\"https:\/\/texteisfabris.ccae.ufpb.br\/wp-content\/uploads\/2021\/01\/popeline.jpg\" class=\"elementor-animation-grow attachment-large size-large wp-image-15421\" alt=\"\" \/>\t\t\t\t\t\t\t\t<\/a>\n\t\t\t\t\t\t\t\t\t\t\t<figcaption class=\"widget-image-caption wp-caption-text\"><strong> Tecidos Popeline <\/strong><\/figcaption>\n\t\t\t\t\t\t\t\t\t\t<\/figure>\n\t\t\t\t\t\t\t<\/div>\n\t\t\t\t<\/div>\n\t\t\t\t\t<\/div>\n\t\t<\/div>\n\t\t\t\t<div class=\"elementor-column elementor-col-25 elementor-top-column elementor-element elementor-element-0eb7bce\" data-id=\"0eb7bce\" data-element_type=\"column\">\n\t\t\t<div class=\"elementor-widget-wrap elementor-element-populated\">\n\t\t\t\t\t\t<div class=\"elementor-element elementor-element-786365c elementor-widget elementor-widget-image\" data-id=\"786365c\" data-element_type=\"widget\" data-widget_type=\"image.default\">\n\t\t\t\t<div class=\"elementor-widget-container\">\n\t\t\t\t\t\t\t\t\t\t<figure class=\"wp-caption\">\n\t\t\t\t\t\t\t\t\t\t\t<a href=\"http:\/\/texteisfabris.ccae.ufpb.br\/index.php\/tecidos-maquinetados\/\">\n\t\t\t\t\t\t\t<img decoding=\"async\" width=\"1024\" height=\"1024\" src=\"https:\/\/texteisfabris.ccae.ufpb.br\/wp-content\/uploads\/2021\/01\/maquinetado-orion-1.jpg\" class=\"elementor-animation-grow attachment-large size-large wp-image-15417\" alt=\"\" \/>\t\t\t\t\t\t\t\t<\/a>\n\t\t\t\t\t\t\t\t\t\t\t<figcaption class=\"widget-image-caption wp-caption-text\"><strong> Tecidos Maquinetados <\/strong><\/figcaption>\n\t\t\t\t\t\t\t\t\t\t<\/figure>\n\t\t\t\t\t\t\t<\/div>\n\t\t\t\t<\/div>\n\t\t\t\t\t<\/div>\n\t\t<\/div>\n\t\t\t\t<div class=\"elementor-column elementor-col-25 elementor-top-column elementor-element elementor-element-56b2323\" data-id=\"56b2323\" data-element_type=\"column\">\n\t\t\t<div class=\"elementor-widget-wrap elementor-element-populated\">\n\t\t\t\t\t\t<div class=\"elementor-element elementor-element-60839e4 elementor-widget elementor-widget-image\" data-id=\"60839e4\" data-element_type=\"widget\" data-widget_type=\"image.default\">\n\t\t\t\t<div class=\"elementor-widget-container\">\n\t\t\t\t\t\t\t\t\t\t<figure class=\"wp-caption\">\n\t\t\t\t\t\t\t\t\t\t\t<a href=\"http:\/\/texteisfabris.ccae.ufpb.br\/index.php\/tecido-jacquard\/\">\n\t\t\t\t\t\t\t<img loading=\"lazy\" decoding=\"async\" width=\"1024\" height=\"1024\" src=\"https:\/\/texteisfabris.ccae.ufpb.br\/wp-content\/uploads\/2021\/06\/12-CTRT-Companhia-de-Tecidos-Rio-Tinto-Fabrica-Lundgren-Paraiba-Plano-Construcao-Tela-Jacquard-Flor-de-Lis-709.jpg\" class=\"elementor-animation-grow attachment-large size-large wp-image-15912\" alt=\"\" \/>\t\t\t\t\t\t\t\t<\/a>\n\t\t\t\t\t\t\t\t\t\t\t<figcaption class=\"widget-image-caption wp-caption-text\"><strong> Tecidos Jacquard <\/strong><\/figcaption>\n\t\t\t\t\t\t\t\t\t\t<\/figure>\n\t\t\t\t\t\t\t<\/div>\n\t\t\t\t<\/div>\n\t\t\t\t\t<\/div>\n\t\t<\/div>\n\t\t\t\t\t<\/div>\n\t\t<\/section>\n\t\t\t\t<section class=\"elementor-section elementor-top-section elementor-element elementor-element-6736d07 elementor-section-boxed elementor-section-height-default elementor-section-height-default\" data-id=\"6736d07\" data-element_type=\"section\">\n\t\t\t\t\t\t<div class=\"elementor-container elementor-column-gap-default\">\n\t\t\t\t\t<div class=\"elementor-column elementor-col-25 elementor-top-column elementor-element elementor-element-55b4fcc\" data-id=\"55b4fcc\" data-element_type=\"column\">\n\t\t\t<div class=\"elementor-widget-wrap elementor-element-populated\">\n\t\t\t\t\t\t<div class=\"elementor-element elementor-element-1e4d1bf elementor-widget elementor-widget-image\" data-id=\"1e4d1bf\" data-element_type=\"widget\" data-widget_type=\"image.default\">\n\t\t\t\t<div class=\"elementor-widget-container\">\n\t\t\t\t\t\t\t\t\t\t<figure class=\"wp-caption\">\n\t\t\t\t\t\t\t\t\t\t\t<a href=\"http:\/\/texteisfabris.ccae.ufpb.br\/index.php\/tecidos-corintho\">\n\t\t\t\t\t\t\t<img loading=\"lazy\" decoding=\"async\" width=\"1024\" height=\"1024\" src=\"https:\/\/texteisfabris.ccae.ufpb.br\/wp-content\/uploads\/2021\/06\/m-4.jpg\" class=\"elementor-animation-grow attachment-large size-large wp-image-15736\" alt=\"\" \/>\t\t\t\t\t\t\t\t<\/a>\n\t\t\t\t\t\t\t\t\t\t\t<figcaption class=\"widget-image-caption wp-caption-text\">Tecidos Corintho<\/figcaption>\n\t\t\t\t\t\t\t\t\t\t<\/figure>\n\t\t\t\t\t\t\t<\/div>\n\t\t\t\t<\/div>\n\t\t\t\t\t<\/div>\n\t\t<\/div>\n\t\t\t\t<div class=\"elementor-column elementor-col-25 elementor-top-column elementor-element elementor-element-36a4a60\" data-id=\"36a4a60\" data-element_type=\"column\">\n\t\t\t<div class=\"elementor-widget-wrap elementor-element-populated\">\n\t\t\t\t\t\t<div class=\"elementor-element elementor-element-ddcacd6 elementor-widget elementor-widget-image\" data-id=\"ddcacd6\" data-element_type=\"widget\" data-widget_type=\"image.default\">\n\t\t\t\t<div class=\"elementor-widget-container\">\n\t\t\t\t\t\t\t\t\t\t<figure class=\"wp-caption\">\n\t\t\t\t\t\t\t\t\t\t\t<a href=\"http:\/\/texteisfabris.ccae.ufpb.br\/index.php\/tecidos-sanforizados\/\">\n\t\t\t\t\t\t\t<img loading=\"lazy\" decoding=\"async\" width=\"1024\" height=\"1024\" src=\"https:\/\/texteisfabris.ccae.ufpb.br\/wp-content\/uploads\/2021\/01\/sanforizado.jpg\" class=\"elementor-animation-grow attachment-large size-large wp-image-15438\" alt=\"\" \/>\t\t\t\t\t\t\t\t<\/a>\n\t\t\t\t\t\t\t\t\t\t\t<figcaption class=\"widget-image-caption wp-caption-text\"><strong> Tecidos Sanforizados <\/strong><\/figcaption>\n\t\t\t\t\t\t\t\t\t\t<\/figure>\n\t\t\t\t\t\t\t<\/div>\n\t\t\t\t<\/div>\n\t\t\t\t\t<\/div>\n\t\t<\/div>\n\t\t\t\t<div class=\"elementor-column elementor-col-25 elementor-top-column elementor-element elementor-element-cdf1fb5\" data-id=\"cdf1fb5\" data-element_type=\"column\">\n\t\t\t<div class=\"elementor-widget-wrap elementor-element-populated\">\n\t\t\t\t\t\t<div class=\"elementor-element elementor-element-258311c elementor-widget elementor-widget-image\" data-id=\"258311c\" data-element_type=\"widget\" data-widget_type=\"image.default\">\n\t\t\t\t<div class=\"elementor-widget-container\">\n\t\t\t\t\t\t\t\t\t\t<figure class=\"wp-caption\">\n\t\t\t\t\t\t\t\t\t\t\t<a href=\"http:\/\/texteisfabris.ccae.ufpb.br\/index.php\/tecidos-planos-listrados-rt\/\">\n\t\t\t\t\t\t\t<img loading=\"lazy\" decoding=\"async\" width=\"1024\" height=\"1024\" src=\"https:\/\/texteisfabris.ccae.ufpb.br\/wp-content\/uploads\/2021\/01\/listrado-rt.jpg\" class=\"elementor-animation-grow attachment-large size-large wp-image-15413\" alt=\"\" \/>\t\t\t\t\t\t\t\t<\/a>\n\t\t\t\t\t\t\t\t\t\t\t<figcaption class=\"widget-image-caption wp-caption-text\"><strong> Tecidos Listrados RT <\/strong><\/figcaption>\n\t\t\t\t\t\t\t\t\t\t<\/figure>\n\t\t\t\t\t\t\t<\/div>\n\t\t\t\t<\/div>\n\t\t\t\t\t<\/div>\n\t\t<\/div>\n\t\t\t\t<div class=\"elementor-column elementor-col-25 elementor-top-column elementor-element elementor-element-5ddcaf4\" data-id=\"5ddcaf4\" data-element_type=\"column\">\n\t\t\t<div class=\"elementor-widget-wrap elementor-element-populated\">\n\t\t\t\t\t\t<div class=\"elementor-element elementor-element-d771e9d elementor-widget elementor-widget-image\" data-id=\"d771e9d\" data-element_type=\"widget\" data-widget_type=\"image.default\">\n\t\t\t\t<div class=\"elementor-widget-container\">\n\t\t\t\t\t\t\t\t\t\t<figure class=\"wp-caption\">\n\t\t\t\t\t\t\t\t\t\t\t<a href=\"http:\/\/texteisfabris.ccae.ufpb.br\/index.php\/tecidos-dollo\/\">\n\t\t\t\t\t\t\t<img loading=\"lazy\" decoding=\"async\" width=\"1024\" height=\"1024\" src=\"https:\/\/texteisfabris.ccae.ufpb.br\/wp-content\/uploads\/2021\/01\/dollo.jpg\" class=\"elementor-animation-grow attachment-large size-large wp-image-15389\" alt=\"\" \/>\t\t\t\t\t\t\t\t<\/a>\n\t\t\t\t\t\t\t\t\t\t\t<figcaption class=\"widget-image-caption wp-caption-text\"><strong> Tecidos Dollo <\/strong><\/figcaption>\n\t\t\t\t\t\t\t\t\t\t<\/figure>\n\t\t\t\t\t\t\t<\/div>\n\t\t\t\t<\/div>\n\t\t\t\t\t<\/div>\n\t\t<\/div>\n\t\t\t\t\t<\/div>\n\t\t<\/section>\n\t\t\t\t<section class=\"elementor-section elementor-top-section elementor-element elementor-element-c3e516f elementor-section-boxed elementor-section-height-default elementor-section-height-default\" data-id=\"c3e516f\" data-element_type=\"section\">\n\t\t\t\t\t\t<div class=\"elementor-container elementor-column-gap-default\">\n\t\t\t\t\t<div class=\"elementor-column elementor-col-25 elementor-top-column elementor-element elementor-element-cd6ffe7\" data-id=\"cd6ffe7\" data-element_type=\"column\">\n\t\t\t<div class=\"elementor-widget-wrap elementor-element-populated\">\n\t\t\t\t\t\t<div class=\"elementor-element elementor-element-9f7cc82 elementor-widget elementor-widget-image\" data-id=\"9f7cc82\" data-element_type=\"widget\" data-widget_type=\"image.default\">\n\t\t\t\t<div class=\"elementor-widget-container\">\n\t\t\t\t\t\t\t\t\t\t<figure class=\"wp-caption\">\n\t\t\t\t\t\t\t\t\t\t\t<a href=\"http:\/\/texteisfabris.ccae.ufpb.br\/index.php\/tecidos-romano\/\">\n\t\t\t\t\t\t\t<img loading=\"lazy\" decoding=\"async\" width=\"1024\" height=\"1024\" src=\"https:\/\/texteisfabris.ccae.ufpb.br\/wp-content\/uploads\/2021\/01\/romano.jpg\" class=\"elementor-animation-grow attachment-large size-large wp-image-15437\" alt=\"\" \/>\t\t\t\t\t\t\t\t<\/a>\n\t\t\t\t\t\t\t\t\t\t\t<figcaption class=\"widget-image-caption wp-caption-text\"><strong> Tecidos Romano <\/strong><\/figcaption>\n\t\t\t\t\t\t\t\t\t\t<\/figure>\n\t\t\t\t\t\t\t<\/div>\n\t\t\t\t<\/div>\n\t\t\t\t\t<\/div>\n\t\t<\/div>\n\t\t\t\t<div class=\"elementor-column elementor-col-25 elementor-top-column elementor-element elementor-element-de4c73a\" data-id=\"de4c73a\" data-element_type=\"column\">\n\t\t\t<div class=\"elementor-widget-wrap elementor-element-populated\">\n\t\t\t\t\t\t<div class=\"elementor-element elementor-element-3826e39 elementor-widget elementor-widget-image\" data-id=\"3826e39\" data-element_type=\"widget\" data-widget_type=\"image.default\">\n\t\t\t\t<div class=\"elementor-widget-container\">\n\t\t\t\t\t\t\t\t\t\t<figure class=\"wp-caption\">\n\t\t\t\t\t\t\t\t\t\t\t<a href=\"http:\/\/texteisfabris.ccae.ufpb.br\/index.php\/tecidos-tricoline\/\">\n\t\t\t\t\t\t\t<img loading=\"lazy\" decoding=\"async\" width=\"1024\" height=\"1024\" src=\"https:\/\/texteisfabris.ccae.ufpb.br\/wp-content\/uploads\/2021\/02\/17-CTRT-Companhia-de-Tecidos-Rio-Tinto-Lundgren-Paraiba-Listrado-Tela-Tricoline-Tiberio-901.jpg\" class=\"elementor-animation-grow attachment-large size-large wp-image-15481\" alt=\"\" \/>\t\t\t\t\t\t\t\t<\/a>\n\t\t\t\t\t\t\t\t\t\t\t<figcaption class=\"widget-image-caption wp-caption-text\"><strong> Tecidos Tricoline <\/strong><\/figcaption>\n\t\t\t\t\t\t\t\t\t\t<\/figure>\n\t\t\t\t\t\t\t<\/div>\n\t\t\t\t<\/div>\n\t\t\t\t\t<\/div>\n\t\t<\/div>\n\t\t\t\t<div class=\"elementor-column elementor-col-25 elementor-top-column elementor-element elementor-element-bdcaf15\" data-id=\"bdcaf15\" data-element_type=\"column\">\n\t\t\t<div class=\"elementor-widget-wrap elementor-element-populated\">\n\t\t\t\t\t\t<div class=\"elementor-element elementor-element-a6ca042 elementor-widget elementor-widget-image\" data-id=\"a6ca042\" data-element_type=\"widget\" data-widget_type=\"image.default\">\n\t\t\t\t<div class=\"elementor-widget-container\">\n\t\t\t\t\t\t\t\t\t\t<figure class=\"wp-caption\">\n\t\t\t\t\t\t\t\t\t\t\t<a href=\"http:\/\/texteisfabris.ccae.ufpb.br\/index.php\/tecido-plano-listrado-erika-84\/\">\n\t\t\t\t\t\t\t<img loading=\"lazy\" decoding=\"async\" width=\"1024\" height=\"1024\" src=\"https:\/\/texteisfabris.ccae.ufpb.br\/wp-content\/uploads\/2021\/01\/listrado-erika.jpg\" class=\"elementor-animation-grow attachment-large size-large wp-image-15409\" alt=\"\" \/>\t\t\t\t\t\t\t\t<\/a>\n\t\t\t\t\t\t\t\t\t\t\t<figcaption class=\"widget-image-caption wp-caption-text\"><strong> Tecidos Listrado Erika <\/strong><\/figcaption>\n\t\t\t\t\t\t\t\t\t\t<\/figure>\n\t\t\t\t\t\t\t<\/div>\n\t\t\t\t<\/div>\n\t\t\t\t\t<\/div>\n\t\t<\/div>\n\t\t\t\t<div class=\"elementor-column elementor-col-25 elementor-top-column elementor-element elementor-element-4833405\" data-id=\"4833405\" data-element_type=\"column\">\n\t\t\t<div class=\"elementor-widget-wrap elementor-element-populated\">\n\t\t\t\t\t\t<div class=\"elementor-element elementor-element-ede5e0d elementor-widget elementor-widget-image\" data-id=\"ede5e0d\" data-element_type=\"widget\" data-widget_type=\"image.default\">\n\t\t\t\t<div class=\"elementor-widget-container\">\n\t\t\t\t\t\t\t\t\t\t<figure class=\"wp-caption\">\n\t\t\t\t\t\t\t\t\t\t\t<a href=\"http:\/\/texteisfabris.ccae.ufpb.br\/index.php\/tecidos-vila-romana\/\">\n\t\t\t\t\t\t\t<img loading=\"lazy\" decoding=\"async\" width=\"1024\" height=\"1024\" src=\"https:\/\/texteisfabris.ccae.ufpb.br\/wp-content\/uploads\/2021\/01\/vila-romana.jpg\" class=\"elementor-animation-grow attachment-large size-large wp-image-15452\" alt=\"\" \/>\t\t\t\t\t\t\t\t<\/a>\n\t\t\t\t\t\t\t\t\t\t\t<figcaption class=\"widget-image-caption wp-caption-text\"><strong> Tecidos Vila Romana <\/strong><\/figcaption>\n\t\t\t\t\t\t\t\t\t\t<\/figure>\n\t\t\t\t\t\t\t<\/div>\n\t\t\t\t<\/div>\n\t\t\t\t\t<\/div>\n\t\t<\/div>\n\t\t\t\t\t<\/div>\n\t\t<\/section>\n\t\t\t\t<section class=\"elementor-section elementor-top-section elementor-element elementor-element-43d446c elementor-section-boxed elementor-section-height-default elementor-section-height-default\" data-id=\"43d446c\" data-element_type=\"section\">\n\t\t\t\t\t\t<div class=\"elementor-container elementor-column-gap-default\">\n\t\t\t\t\t<div class=\"elementor-column elementor-col-25 elementor-top-column elementor-element elementor-element-b13ef5f\" data-id=\"b13ef5f\" data-element_type=\"column\">\n\t\t\t<div class=\"elementor-widget-wrap elementor-element-populated\">\n\t\t\t\t\t\t<div class=\"elementor-element elementor-element-6f7fa97 elementor-widget elementor-widget-image\" data-id=\"6f7fa97\" data-element_type=\"widget\" data-widget_type=\"image.default\">\n\t\t\t\t<div class=\"elementor-widget-container\">\n\t\t\t\t\t\t\t\t\t\t<figure class=\"wp-caption\">\n\t\t\t\t\t\t\t\t\t\t\t<a href=\"http:\/\/texteisfabris.ccae.ufpb.br\/index.php\/tecidos-xadrez-2\/\">\n\t\t\t\t\t\t\t<img loading=\"lazy\" decoding=\"async\" width=\"1024\" height=\"1024\" src=\"https:\/\/texteisfabris.ccae.ufpb.br\/wp-content\/uploads\/2021\/01\/xadrez-athena.jpg\" class=\"elementor-animation-grow attachment-large size-large wp-image-15457\" alt=\"\" \/>\t\t\t\t\t\t\t\t<\/a>\n\t\t\t\t\t\t\t\t\t\t\t<figcaption class=\"widget-image-caption wp-caption-text\"><strong> Tecidos Xadrez<\/figcaption>\n\t\t\t\t\t\t\t\t\t\t<\/figure>\n\t\t\t\t\t\t\t<\/div>\n\t\t\t\t<\/div>\n\t\t\t\t\t<\/div>\n\t\t<\/div>\n\t\t\t\t<div class=\"elementor-column elementor-col-25 elementor-top-column elementor-element elementor-element-7e457f1\" data-id=\"7e457f1\" data-element_type=\"column\">\n\t\t\t<div class=\"elementor-widget-wrap\">\n\t\t\t\t\t\t\t<\/div>\n\t\t<\/div>\n\t\t\t\t<div class=\"elementor-column elementor-col-25 elementor-top-column elementor-element elementor-element-18ae11a\" data-id=\"18ae11a\" data-element_type=\"column\">\n\t\t\t<div class=\"elementor-widget-wrap\">\n\t\t\t\t\t\t\t<\/div>\n\t\t<\/div>\n\t\t\t\t<div class=\"elementor-column elementor-col-25 elementor-top-column elementor-element elementor-element-f849673\" data-id=\"f849673\" data-element_type=\"column\">\n\t\t\t<div class=\"elementor-widget-wrap\">\n\t\t\t\t\t\t\t<\/div>\n\t\t<\/div>\n\t\t\t\t\t<\/div>\n\t\t<\/section>\n\t\t\t\t<\/div>\n\t\t","protected":false},"excerpt":{"rendered":"<p>O eixo tem\u00e1tico do acervo que trata das amostras t\u00eaxteis associadas a Companhia de Tecido Rio Tinto \u00e9 apresentado em 13 cole\u00e7\u00f5es, dentro das quais constam uma heterogeneidade de conte\u00fado. S\u00e3o evidenciados diferentes tecidos em rela\u00e7\u00e3o ao seu processo de tecelagem, classifica\u00e7\u00e3o estrutural, ornamenta\u00e7\u00e3o final e beneficiamento como pode ser observado na cole\u00e7\u00e3o que trata [&hellip;]<\/p>\n","protected":false},"author":1,"featured_media":0,"parent":0,"menu_order":0,"comment_status":"closed","ping_status":"closed","template":"","meta":{"om_disable_all_campaigns":false,"_monsterinsights_skip_tracking":false,"_monsterinsights_sitenote_active":false,"_monsterinsights_sitenote_note":"","_monsterinsights_sitenote_category":0,"footnotes":""},"class_list":["post-15383","page","type-page","status-publish","hentry"],"aioseo_notices":[],"_links":{"self":[{"href":"https:\/\/texteisfabris.ccae.ufpb.br\/index.php\/wp-json\/wp\/v2\/pages\/15383","targetHints":{"allow":["GET"]}}],"collection":[{"href":"https:\/\/texteisfabris.ccae.ufpb.br\/index.php\/wp-json\/wp\/v2\/pages"}],"about":[{"href":"https:\/\/texteisfabris.ccae.ufpb.br\/index.php\/wp-json\/wp\/v2\/types\/page"}],"author":[{"embeddable":true,"href":"https:\/\/texteisfabris.ccae.ufpb.br\/index.php\/wp-json\/wp\/v2\/users\/1"}],"replies":[{"embeddable":true,"href":"https:\/\/texteisfabris.ccae.ufpb.br\/index.php\/wp-json\/wp\/v2\/comments?post=15383"}],"version-history":[{"count":130,"href":"https:\/\/texteisfabris.ccae.ufpb.br\/index.php\/wp-json\/wp\/v2\/pages\/15383\/revisions"}],"predecessor-version":[{"id":16538,"href":"https:\/\/texteisfabris.ccae.ufpb.br\/index.php\/wp-json\/wp\/v2\/pages\/15383\/revisions\/16538"}],"wp:attachment":[{"href":"https:\/\/texteisfabris.ccae.ufpb.br\/index.php\/wp-json\/wp\/v2\/media?parent=15383"}],"curies":[{"name":"wp","href":"https:\/\/api.w.org\/{rel}","templated":true}]}}